{"id":5886,"date":"2020-10-21T12:28:34","date_gmt":"2020-10-21T10:28:34","guid":{"rendered":"https:\/\/newsletter.deutschesoccerliga.de\/?page_id=5886"},"modified":"2020-10-21T13:49:40","modified_gmt":"2020-10-21T11:49:40","slug":"impressum","status":"publish","type":"page","link":"https:\/\/newsletter.deutschesoccerliga.de\/index.php\/impressum\/","title":{"rendered":"Impressum"},"content":{"rendered":"[vc_row type=&#8220;full_width_background&#8220; full_screen_row_position=&#8220;middle&#8220; column_margin=&#8220;default&#8220; column_direction=&#8220;default&#8220; column_direction_tablet=&#8220;default&#8220; column_direction_phone=&#8220;default&#8220; bg_image=&#8220;5897&#8243; bg_position=&#8220;center top&#8220; bg_repeat=&#8220;no-repeat&#8220; scene_position=&#8220;center&#8220; top_padding=&#8220;9%&#8220; bottom_padding=&#8220;9%&#8220; text_color=&#8220;light&#8220; text_align=&#8220;left&#8220; row_border_radius=&#8220;none&#8220; row_border_radius_applies=&#8220;bg&#8220; id=&#8220;intro&#8220; row_name=&#8220;Intro&#8220; overlay_strength=&#8220;0.3&#8243; gradient_direction=&#8220;left_to_right&#8220; shape_divider_position=&#8220;bottom&#8220; bg_image_animation=&#8220;none&#8220; shape_type=&#8220;&#8220;][vc_column column_padding=&#8220;no-extra-padding&#8220; column_padding_tablet=&#8220;inherit&#8220; column_padding_phone=&#8220;inherit&#8220; column_padding_position=&#8220;all&#8220; centered_text=&#8220;true&#8220; background_color_opacity=&#8220;1&#8243; background_hover_color_opacity=&#8220;1&#8243; column_shadow=&#8220;none&#8220; column_border_radius=&#8220;none&#8220; column_link_target=&#8220;_self&#8220; gradient_direction=&#8220;left_to_right&#8220; overlay_strength=&#8220;0.3&#8243; width=&#8220;1\/1&#8243; tablet_width_inherit=&#8220;default&#8220; tablet_text_alignment=&#8220;default&#8220; phone_text_alignment=&#8220;default&#8220; column_border_width=&#8220;none&#8220; column_border_style=&#8220;solid&#8220; bg_image_animation=&#8220;none&#8220;][vc_row_inner column_margin=&#8220;default&#8220; column_direction=&#8220;default&#8220; column_direction_tablet=&#8220;default&#8220; column_direction_phone=&#8220;default&#8220; text_align=&#8220;center&#8220;][vc_column_inner column_padding=&#8220;no-extra-padding&#8220; column_padding_tablet=&#8220;inherit&#8220; column_padding_phone=&#8220;inherit&#8220; column_padding_position=&#8220;all&#8220; background_color_opacity=&#8220;1&#8243; background_hover_color_opacity=&#8220;1&#8243; column_shadow=&#8220;none&#8220; column_border_radius=&#8220;none&#8220; column_link_target=&#8220;_self&#8220; gradient_direction=&#8220;left_to_right&#8220; overlay_strength=&#8220;0.3&#8243; width=&#8220;1\/1&#8243; tablet_width_inherit=&#8220;default&#8220; column_border_width=&#8220;none&#8220; column_border_style=&#8220;solid&#8220; bg_image_animation=&#8220;none&#8220; enable_animation=&#8220;true&#8220; animation=&#8220;fade-in-from-bottom&#8220;][vc_custom_heading text=&#8220;Impressum&#8220; font_container=&#8220;tag:h2|text_align:left|color:%23ffffff&#8220; use_theme_fonts=&#8220;yes&#8220;][\/vc_column_inner][\/vc_row_inner][vc_row_inner column_margin=&#8220;default&#8220; column_direction=&#8220;default&#8220; column_direction_tablet=&#8220;default&#8220; column_direction_phone=&#8220;default&#8220; text_align=&#8220;center&#8220;][vc_column_inner column_padding=&#8220;no-extra-padding&#8220; column_padding_tablet=&#8220;inherit&#8220; column_padding_phone=&#8220;inherit&#8220; column_padding_position=&#8220;all&#8220; background_color_opacity=&#8220;1&#8243; background_hover_color_opacity=&#8220;1&#8243; column_shadow=&#8220;none&#8220; column_border_radius=&#8220;none&#8220; column_link_target=&#8220;_self&#8220; gradient_direction=&#8220;left_to_right&#8220; overlay_strength=&#8220;0.3&#8243; width=&#8220;1\/1&#8243; tablet_width_inherit=&#8220;default&#8220; column_border_width=&#8220;none&#8220; column_border_style=&#8220;solid&#8220; bg_image_animation=&#8220;none&#8220; enable_animation=&#8220;true&#8220; animation=&#8220;fade-in-from-bottom&#8220; delay=&#8220;100&#8243;][vc_custom_heading text=&#8220;Deutsche Soccer Liga Digital&#8220; font_container=&#8220;tag:h4|text_align:left|color:%23fab200&#8243; use_theme_fonts=&#8220;yes&#8220;][\/vc_column_inner][\/vc_row_inner][\/vc_column][\/vc_row][vc_row type=&#8220;full_width_background&#8220; full_screen_row_position=&#8220;middle&#8220; column_margin=&#8220;default&#8220; column_direction=&#8220;default&#8220; column_direction_tablet=&#8220;default&#8220; column_direction_phone=&#8220;default&#8220; scene_position=&#8220;center&#8220; top_padding=&#8220;2%&#8220; text_color=&#8220;dark&#8220; text_align=&#8220;left&#8220; row_border_radius=&#8220;none&#8220; row_border_radius_applies=&#8220;bg&#8220; overlay_strength=&#8220;0.3&#8243; gradient_direction=&#8220;left_to_right&#8220; shape_divider_position=&#8220;bottom&#8220; bg_image_animation=&#8220;none&#8220; shape_type=&#8220;&#8220;][vc_column column_padding=&#8220;no-extra-padding&#8220; column_padding_tablet=&#8220;inherit&#8220; column_padding_phone=&#8220;inherit&#8220; column_padding_position=&#8220;all&#8220; background_color_opacity=&#8220;1&#8243; background_hover_color_opacity=&#8220;1&#8243; column_shadow=&#8220;none&#8220; column_border_radius=&#8220;none&#8220; column_link_target=&#8220;_self&#8220; gradient_direction=&#8220;left_to_right&#8220; overlay_strength=&#8220;0.3&#8243; width=&#8220;1\/1&#8243; tablet_width_inherit=&#8220;default&#8220; tablet_text_alignment=&#8220;default&#8220; phone_text_alignment=&#8220;default&#8220; column_border_width=&#8220;none&#8220; column_border_style=&#8220;solid&#8220; bg_image_animation=&#8220;none&#8220;][vc_column_text css=&#8220;.vc_custom_1603280666962{margin-top: 20px !important;margin-bottom: 60px !important;}&#8220;]\n<h4>Deutsche Soccer Liga e. V.<\/h4>\n<p>Bundesgesch\u00e4ftsstelle<br \/>\nKalkrei\u00dfe 6<br \/>\n99085 Erfurt<\/p>\n<p>Tel: +49 (361) 789 118 0<br \/>\nFax +49 (361) 789 118 19<br \/>\nWeb: <a href=\"http:\/\/www.deutschesoccerliga.de\" target=\"_blank\" rel=\"noopener noreferrer\">www.deutschesoccerliga.de<\/a><br \/>\nE-Mail: <a href=\"mailto:tour@deutschesoccerliga.de\" target=\"_blank\" rel=\"noopener noreferrer\">tour@deutschesoccerliga.de<\/a><\/p>\n<p>Amtsgericht Erfurt: VR 162498<br \/>\nals gemeinn\u00fctzig und mildt\u00e4tig anerkannt<\/p>\n<p>Steuer-Nr.: 151\/141\/53041<br \/>\nUSt-IdNr.: DE273001301<\/p>\n<p>Der Deutsche Soccer Liga e. V. versteht es als selbstverst\u00e4ndlich, sich auch im Internet und in weiteren OSN vorzustellen.<br \/>\nverantwortlich f\u00fcr die Domain deutschesoccerliga.de und alle damit verbundenen, administrativen Aufgaben: Christian Suchanek christian.suchanek@gmaill.com<br \/>\nverantwortlich f\u00fcr alle auf deutschesoccerliga.de ver\u00f6ffentlichten Angaben: Dirk Montag d.montag@deutschesoccerliga.de<br \/>\nverantwortlich f\u00fcr Facebook: Dirk Montag d.montag@deutschesoccerliga.de<br \/>\n&#8211; www.facebook.com\/deutschesoccerliga<\/p>\n<h4><\/h4>\n<h4>Haftungsausschluss<\/h4>\n<p>Der Anbieter dieser Internetseite ist bem\u00fcht, das Webangebot stets aktuell und inhaltlich richtig sowie vollst\u00e4ndig anzubieten. Dennoch ist das Auftreten von Fehlern nicht v\u00f6llig auszuschlie\u00dfen.<br \/>\nDie Deutsche Soccer Liga \u00fcbernimmt keine Haftung f\u00fcr die Aktualit\u00e4t, die inhaltliche Richtigkeit sowie f\u00fcr die Vollst\u00e4ndigkeit der im Webangebot eingestellten Informationen, es sei denn die Fehler wurden vors\u00e4tzlich oder grob fahrl\u00e4ssig aufgenommen. Dies bezieht sich auf eventuelle Sch\u00e4den materieller oder ideeller Art Dritter, die durch die Nutzung dieses Webangebotes verursacht wurden.<\/p>\n<h4><\/h4>\n<h4>Copyright<\/h4>\n<p>Das Layout der Homepage, die verwendeten Grafiken und Bilder sowie die einzelnen Beitr\u00e4ge sind urheberrechtlich gesch\u00fctzt. Alle Rechte, auch die der fotomechanischen Wiedergabe, der Vervielf\u00e4ltigung und der Verbreitung mittels besonderer Verfahren (zum Beispiel Datenverarbeitung, Datentr\u00e4ger und Datennetze), auch teilweise, beh\u00e4lt sich die DSL vor.<br \/>\nExterne Verweise und Links<br \/>\nMit Urteil vom 12. Mai 1998 hat das LG Hamburg entschieden, dass man durch die Ausbringung eines Links die Inhalte der gelinkten Seite ggf. mit zu verantworten hat. Dies kann, so das LG, nur dadurch verhindert werden, dass man sich ausdr\u00fccklich von diesen Inhalten distanziert.<br \/>\nWir haben auf unseren Seiten Links zu Seiten im Internet gelegt, deren Inhalt und Aktualisierung nicht dem Einflussbereich der DSL unterliegen. F\u00fcr alle diese Links gilt: Die Inhalte externer Links werden von uns nicht gepr\u00fcft. Sie unterliegen der Haftung der jeweiligen Anbieter. Diese Erkl\u00e4rung gilt f\u00fcr alle auf unserer Homepage angezeigten Links und f\u00fcr alle Inhalte der Seiten, zu denen die bei uns angemeldeten Banner und Links f\u00fchren.<\/p>\n<p>&nbsp;<\/p>\n<h4>Rechtswirksamkeit<\/h4>\n<p>Dieser Haftungsausschluss ist Teil des Internetangebotes der DSL. Sofern einzelne Formulierungen oder Teile dieses Textes der geltenden Rechtslage nicht, nicht mehr oder nicht mehr vollst\u00e4ndig entsprechen, bleiben die \u00fcbrigen Teile dieser Erkl\u00e4rung davon unber\u00fchrt.[\/vc_column_text][\/vc_column][\/vc_row]\n","protected":false},"excerpt":{"rendered":"<p>[vc_row type=&#8220;full_width_background&#8220; full_screen_row_position=&#8220;middle&#8220; column_margin=&#8220;default&#8220; column_direction=&#8220;default&#8220; column_direction_tablet=&#8220;default&#8220; column_direction_phone=&#8220;default&#8220; bg_image=&#8220;5897&#8243; bg_position=&#8220;center top&#8220; bg_repeat=&#8220;no-repeat&#8220; scene_position=&#8220;center&#8220; top_padding=&#8220;9%&#8220; bottom_padding=&#8220;9%&#8220; text_color=&#8220;light&#8220; text_align=&#8220;left&#8220; row_border_radius=&#8220;none&#8220; row_border_radius_applies=&#8220;bg&#8220; id=&#8220;intro&#8220; row_name=&#8220;Intro&#8220; overlay_strength=&#8220;0.3&#8243; gradient_direction=&#8220;left_to_right&#8220; shape_divider_position=&#8220;bottom&#8220; bg_image_animation=&#8220;none&#8220; shape_type=&#8220;&#8220;][vc_column&#8230;<\/p>\n","protected":false},"author":2,"featured_media":0,"parent":0,"menu_order":0,"comment_status":"closed","ping_status":"closed","template":"","meta":{"inline_featured_image":false},"_links":{"self":[{"href":"https:\/\/newsletter.deutschesoccerliga.de\/index.php\/wp-json\/wp\/v2\/pages\/5886"}],"collection":[{"href":"https:\/\/newsletter.deutschesoccerliga.de\/index.php\/wp-json\/wp\/v2\/pages"}],"about":[{"href":"https:\/\/newsletter.deutschesoccerliga.de\/index.php\/wp-json\/wp\/v2\/types\/page"}],"author":[{"embeddable":true,"href":"https:\/\/newsletter.deutschesoccerliga.de\/index.php\/wp-json\/wp\/v2\/users\/2"}],"replies":[{"embeddable":true,"href":"https:\/\/newsletter.deutschesoccerliga.de\/index.php\/wp-json\/wp\/v2\/comments?post=5886"}],"version-history":[{"count":10,"href":"https:\/\/newsletter.deutschesoccerliga.de\/index.php\/wp-json\/wp\/v2\/pages\/5886\/revisions"}],"predecessor-version":[{"id":5907,"href":"https:\/\/newsletter.deutschesoccerliga.de\/index.php\/wp-json\/wp\/v2\/pages\/5886\/revisions\/5907"}],"wp:attachment":[{"href":"https:\/\/newsletter.deutschesoccerliga.de\/index.php\/wp-json\/wp\/v2\/media?parent=5886"}],"curies":[{"name":"wp","href":"https:\/\/api.w.org\/{rel}","templated":true}]}}